{"id":1149,"date":"2021-10-04T17:21:03","date_gmt":"2021-10-04T17:21:03","guid":{"rendered":"https:\/\/goviens.com\/?page_id=1149"},"modified":"2022-02-21T16:57:54","modified_gmt":"2022-02-21T16:57:54","slug":"for-driver","status":"publish","type":"page","link":"https:\/\/goviens.com\/fr\/for-driver\/","title":{"rendered":"Pour le conducteur"},"content":{"rendered":"<div data-elementor-type=\"wp-page\" data-elementor-id=\"1149\" class=\"elementor elementor-1149\">\n\t\t\t\t\t\t\t\t\t<section class=\"elementor-section elementor-top-section elementor-element elementor-element-1e4d8c1 elementor-section-boxed elementor-section-height-default elementor-section-height-default\" data-id=\"1e4d8c1\" data-element_type=\"section\" data-settings=\"{&quot;background_background&quot;:&quot;gradient&quot;}\">\n\t\t\t\t\t\t<div class=\"elementor-container elementor-column-gap-default\">\n\t\t\t\t\t<div class=\"elementor-column elementor-col-100 elementor-top-column elementor-element elementor-element-2f1e169\" data-id=\"2f1e169\" data-element_type=\"column\">\n\t\t\t<div class=\"elementor-widget-wrap elementor-element-populated\">\n\t\t\t\t\t\t\t\t<div class=\"elementor-element elementor-element-4cf71ef elementor-widget elementor-widget-heading\" data-id=\"4cf71ef\" data-element_type=\"widget\" data-widget_type=\"heading.default\">\n\t\t\t\t<div class=\"elementor-widget-container\">\n\t\t\t<style>\/*! elementor - v3.15.0 - 20-08-2023 *\/\n.elementor-heading-title{padding:0;margin:0;line-height:1}.elementor-widget-heading .elementor-heading-title[class*=elementor-size-]>a{color:inherit;font-size:inherit;line-height:inherit}.elementor-widget-heading .elementor-heading-title.elementor-size-small{font-size:15px}.elementor-widget-heading .elementor-heading-title.elementor-size-medium{font-size:19px}.elementor-widget-heading .elementor-heading-title.elementor-size-large{font-size:29px}.elementor-widget-heading .elementor-heading-title.elementor-size-xl{font-size:39px}.elementor-widget-heading .elementor-heading-title.elementor-size-xxl{font-size:59px}<\/style><h3 class=\"elementor-heading-title elementor-size-default\">Pour le conducteur<\/h3>\t\t<\/div>\n\t\t\t\t<\/div>\n\t\t\t\t\t<\/div>\n\t\t<\/div>\n\t\t\t\t\t\t\t<\/div>\n\t\t<\/section>\n\t\t\t\t<section class=\"elementor-section elementor-top-section elementor-element elementor-element-1cac29a elementor-section-boxed elementor-section-height-default elementor-section-height-default\" data-id=\"1cac29a\" data-element_type=\"section\">\n\t\t\t\t\t\t<div class=\"elementor-container elementor-column-gap-default\">\n\t\t\t\t\t<div class=\"elementor-column elementor-col-100 elementor-top-column elementor-element elementor-element-a54f707\" data-id=\"a54f707\" data-element_type=\"column\">\n\t\t\t<div class=\"elementor-widget-wrap elementor-element-populated\">\n\t\t\t\t\t\t\t\t<div class=\"elementor-element elementor-element-0a73ef6 elementor-widget elementor-widget-text-editor\" data-id=\"0a73ef6\" data-element_type=\"widget\" id=\"desc-ul\" data-widget_type=\"text-editor.default\">\n\t\t\t\t<div class=\"elementor-widget-container\">\n\t\t\t<style>\/*! elementor - v3.15.0 - 20-08-2023 *\/\n.elementor-widget-text-editor.elementor-drop-cap-view-stacked .elementor-drop-cap{background-color:#69727d;color:#fff}.elementor-widget-text-editor.elementor-drop-cap-view-framed .elementor-drop-cap{color:#69727d;border:3px solid;background-color:transparent}.elementor-widget-text-editor:not(.elementor-drop-cap-view-default) .elementor-drop-cap{margin-top:8px}.elementor-widget-text-editor:not(.elementor-drop-cap-view-default) .elementor-drop-cap-letter{width:1em;height:1em}.elementor-widget-text-editor .elementor-drop-cap{float:left;text-align:center;line-height:1;font-size:50px}.elementor-widget-text-editor .elementor-drop-cap-letter{display:inline-block}<\/style>\t\t\t\t<ol>\n \t<li><p><strong>T\u00e9l\u00e9chargez l'application GoViens Auto <\/strong>et remplissez votre profil : Assurez-vous de mettre une photo de vous prise de face et votre pi\u00e8ce d'identit\u00e9 en cours de validit\u00e9.<\/p><\/li>\n \t<li><p><strong>Chargez votre v\u00e9hicule sur l'application GoViens<\/strong><font style=\"vertical-align: inherit\"><font class=\"\" style=\"vertical-align: inherit\"> . <\/font><font style=\"vertical-align: inherit\" class=\"\">Cliquez sur &lt;&lt;Drive&gt;&gt; tout en bas de la page et t\u00e9l\u00e9chargez tous les documents requis. <\/font><font class=\"\" style=\"vertical-align: inherit\">Les documents requis d\u00e9pendent des exigences l\u00e9gales de chaque pays (par exemple&nbsp;: permis de conduire, assurance du v\u00e9hicule, immatriculation du v\u00e9hicule, inspection technique, image compl\u00e8te du v\u00e9hicule, plaque d'immatriculation, etc.). <\/font><font style=\"vertical-align: inherit\" class=\"\">Nous vous recommandons de prendre une photo des \u00e9l\u00e9ments requis avant de commencer \u00e0 les charger dans l'application. <\/font><font style=\"vertical-align: inherit\">Cela vous facilitera la t\u00e2che.<\/font><\/font><\/p><\/li>\n \t<li><p><strong>Offrir un trajet : <\/strong><font style=\"vertical-align: inherit\"><font style=\"vertical-align: inherit\"> acc\u00e9dez \u00e0 la page principale de l'application et cliquez sur &lt;&lt;&nbsp;Conduire&gt;&gt; . <\/font><font style=\"vertical-align: inherit\">Cliquez sur &lt;&lt;S\u00e9lectionner le point de retrait&gt;&gt;. <\/font><font style=\"vertical-align: inherit\">Choisissez votre point de d\u00e9part en cliquant sur &lt;&lt;Choisir sur la carte&gt;&gt;.<\/font><\/font><\/p><\/li>\n<p>Trois possibilit\u00e9s s'offrent \u00e0 vous pour choisir votre point de retrait :<\/p>\n\n<ul>\n \t<li style=\"list-style-type: none;\">\n<ul>\n \t<li><p><font style=\"vertical-align: inherit\"><font class=\"\" style=\"vertical-align: inherit\">Par d\u00e9faut, l'application vous a propos\u00e9 le point o\u00f9 vous vous trouvez actuellement comme point de d\u00e9part : Ce lieu est affich\u00e9 en bas de votre \u00e9cran (Ici par exemple il s'agit du lieu suivant : 38 Palace St, Thorold ON L2V 0J7, Canada ). <\/font><font style=\"vertical-align: inherit\">Si vous souhaitez choisir cette option pour votre point de d\u00e9part, cliquez simplement sur &lt;&lt;ok&gt;&gt;. <\/font><font style=\"vertical-align: inherit\">Notez que s'il s'agit d'une adresse que vous utiliserez tr\u00e8s souvent, cliquez sur le petit c\u0153ur \u00e0 droite de l'adresse par d\u00e9faut pour enregistrer cette adresse dans vos favoris. <\/font><font style=\"vertical-align: inherit\">Cela vous permettra de choisir plus facilement une adresse lors de vos prochains voyages.<\/font><\/font><\/p><\/li>\n \t<li> <p><font style=\"vertical-align: inherit\"><font style=\"vertical-align: inherit\">Rendez-vous dans la barre de recherche tout en haut de la page et saisissez la prise en charge \u00e0 partir de laquelle vous souhaitez rencontrer vos passagers pour le voyage. <\/font><font style=\"vertical-align: inherit\">Pendant que vous saisissez l'adresse, Google vous proposera plusieurs adresses similaires \u00e0 la v\u00f4tre et il vous suffit de cliquer sur la bonne pour la valider puis de cliquer sur &lt;&lt;Ok&gt;&gt;.<\/font><\/font><\/p><\/li>\n \t<li><p><font style=\"vertical-align: inherit\"><font class=\"\" style=\"vertical-align: inherit\">La troisi\u00e8me option consiste \u00e0 d\u00e9placer le point rouge au centre de la page jusqu'au point exact \u00e0 partir duquel vous souhaitez rencontrer vos passagers pour le voyage. <\/font><font style=\"vertical-align: inherit\">L'adresse appara\u00eetra au bas du Cliquez sur &lt;&lt;Ok&gt;&gt;.<\/font><\/font><\/p><\/li>\n \t<li><p>Vous proc\u00e9dez de la m\u00eame mani\u00e8re pour saisir le point d'arr\u00eat.<\/p><\/li>\n \t<li><p><font style=\"vertical-align: inherit\"><font style=\"vertical-align: inherit\">Remplissez toutes les cases : Point de d\u00e9part, Point d'arriv\u00e9e, Nombre de places \u00e0 offrir, date et heure de d\u00e9part, options de voyage (AC-Paiement en esp\u00e8ces accept\u00e9 ou non). <\/font><font style=\"vertical-align: inherit\">Et cliquez sur continuer.<\/font><\/font><\/p><\/li>\n<\/ul>\n<\/li>\n<\/ul>\n<p>Dans cette page, GoViens calcule et propose un prix pour un si\u00e8ge que vous offrez. Le conducteur, propri\u00e9taire du v\u00e9hicule a le libre choix de fixer son propre prix \u00e0 la hausse ou \u00e0 la baisse si le prix GoViens ne lui convient pas. Le chauffeur entre alors son prix dans la petite case en dessous du prix propos\u00e9 par GoViens.<\/p>\n<p style=\"text-align:center; width:100%;\"><img decoding=\"async\" src=\"https:\/\/goviens.com\/wp-content\/uploads\/2021\/10\/360_F_314641319_QUWqfGfV6d1jwkA6qokqiGqgdZU7m2O2.jpg\" alt=\"\" \/><\/p>\n\n<p><font style=\"vertical-align: inherit\"><font class=\"\" style=\"vertical-align: inherit\">Dans la case &lt;&lt;Instructions&gt;&gt;, le chauffeur peut mettre toutes les informations qu'il juge utiles aux passagers, telles que : Le lieu pr\u00e9cis d'embarquement s'il n'est pas r\u00e9f\u00e9renc\u00e9 sur Google ; <\/font><font class=\"\" style=\"vertical-align: inherit\">(Exple : A c\u00f4t\u00e9 du conteneur rouge ; Devant la boutique Num\u00e9ro 549 , Au parking de la soci\u00e9t\u00e9 ABC, etc. ) ; <\/font><font style=\"vertical-align: inherit\">Arr\u00eats pendant le voyage s'il y en a; <\/font><font style=\"vertical-align: inherit\">Contraintes de voyage : Bagage \u00e0 main, non-fumeur, Pas d'animaux, etc.) Etc.<\/font><\/font><\/p>\n\n<font class=\"\" style=\"vertical-align: inherit\">\nCliquez sur &lt;&gt; pour afficher votre offre de voyage compl\u00e8te avant de la t\u00e9l\u00e9charger.<\/font><br>\n\n<p><font style=\"vertical-align: inherit\"><font style=\"vertical-align: inherit\">Si tout va bien, cliquez sur &lt;&lt;Continuer&gt;&gt; pour valider votre offre de voyage. <\/font><font style=\"vertical-align: inherit\" class=\"\">Si l'offre a \u00e9t\u00e9 publi\u00e9e avec succ\u00e8s, un message de confirmation appara\u00eetra sur votre \u00e9cran.<\/font><\/font><\/p>\n\nVotre offre de voyage est maintenant disponible en ligne.<br>\n\n<font style=\"vertical-align: inherit\" class=\"\">\n\nPour v\u00e9rifier votre offre et son statut (r\u00e9servations passagers), cliquez sur le menu &lt;&gt; en bas de l'application et cliquez sur &lt;&lt;Voyage gratuit&gt;&gt;.<\/font><br><br>\n<ul>\n \t<li><p><strong>Valider les demandes de r\u00e9servation : <\/strong>Cliquez sur le voyage que vous avez mis en ligne pour voir s'il y a d\u00e9j\u00e0 des r\u00e9servations. Les r\u00e9servations en ligne pay\u00e9es seront affich\u00e9es en vert. Vous n'avez plus besoin de les confirmer. Les r\u00e9servations pour lesquelles les passagers souhaitent payer en esp\u00e8ces directement au chauffeur au point de prise en charge seront affich\u00e9es en rouge et n\u00e9cessiteront votre validation.<\/p><\/li>\n \t<li><p><strong>Le jour du voyage :<\/strong>Avant de commencer le voyage, le conducteur doit rejeter toutes les r\u00e9servations en cours qu'il n'a pas accept\u00e9es ou qu'il n'a pas l'intention d'accepter.<\/p><\/li>\n\nLe jour du voyage, le chauffeur se rend quelques minutes \u00e0 l'avance au lieu indiqu\u00e9 dans son offre, pour attendre les passagers.<br><\/ul><br>\n\n<p><font style=\"vertical-align: inherit\"><font style=\"vertical-align: inherit\">A l'heure pr\u00e9vue pour le trajet, ou quelques minutes avant, le chauffeur clique sur &lt;&lt;Commencer le trajet&gt;&gt;.<\/font><\/font><\/p>\n\n<p>Cliquez sur le bouton vert : saisissez le code PIN pour chaque passager d\u00e9j\u00e0 pr\u00e9sent sur le lieu d'embarquement.<\/p>\n\n<p>Il s'agit d'une mesure de s\u00e9curit\u00e9. Car, un code PIN unique a \u00e9t\u00e9 envoy\u00e9 \u00e0 chaque passager par GoViens et seul le passager ayant effectu\u00e9 la r\u00e9servation dispose de ce code PIN. Il est donc le seul \u00e0 vous communiquer ce code qui vous confirmera l'embarquement dans votre v\u00e9hicule pour le nombre de places r\u00e9serv\u00e9es. Le passager est responsable des personnes qui l'accompagnent.<\/p>\n\n<p>Chaque passager qui s'approche du conducteur se pr\u00e9sente et le conducteur se pr\u00e9sente \u00e9galement \u00e0 eux. Le passager donne son code PIN de voyage au conducteur qui le saisit dans l'application.<\/p>\n\n<p><font style=\"vertical-align: inherit\"><font style=\"vertical-align: inherit\">Le pilote clique sur OK. <\/font><font style=\"vertical-align: inherit\">Il s'assure que le code est correct en v\u00e9rifiant que le bouton vert &lt;&lt;Entrer PIN&gt;&gt; a chang\u00e9 de couleur en Jaune avec le texte &lt;&lt;En cours&gt;&gt; Et le passager entre dans son v\u00e9hicule.<\/font><\/font><\/p>\n\n<p>Faites de m\u00eame pour chaque passager qui arrive au point de prise en charge. Une fois que tous les passagers ont \u00e9t\u00e9 enregistr\u00e9s et assis dans le v\u00e9hicule, commencez votre voyage. S'il y a des passagers absents, annulez leur r\u00e9servation en cliquant sur les trois petits points devant le nom du passager puis cliquez sur annuler, puis renseignez le motif de l'annulation. Alors commencez votre voyage.<\/p>\n\n<p>Les passagers doivent informer le conducteur de leur point d'arr\u00eat bien avant que le conducteur ne d\u00e9passe leur destination. Le point d'arr\u00eat de chacun doit se trouver sur le chemin du conducteur et celui-ci n'a pas \u00e0 faire un d\u00e9tour pour d\u00e9poser les passagers.<\/p>\n<ul>\n<ul>\n \t<li><p><strong>A l'arriv\u00e9e de chaque passager<\/strong><font style=\"vertical-align: inherit\"><font class=\"\" style=\"vertical-align: inherit\"> , le chauffeur clique en rouge sur &lt;&lt;Fin du trajet&gt;&gt;, devant le nom de chaque passager. <\/font><font style=\"vertical-align: inherit\">Ce bouton dispara\u00eet et la fen\u00eatre ci-dessous appara\u00eet dans laquelle le conducteur et les passagers s'\u00e9valuent pour partager cette exp\u00e9rience de voyage.<\/font><\/font><\/p>\n<p><font style=\"vertical-align: inherit\"><font class=\"\" style=\"vertical-align: inherit\">Le conducteur clique sur &lt;&lt;Termin\u00e9&gt;&gt; une fois qu'il a renseign\u00e9 la note (en nombre d'\u00e9toiles) et le commentaire relatif \u00e0 ce passager. <\/font><\/font><br> <font style=\"vertical-align: inherit\"><font class=\"\" style=\"vertical-align: inherit\">Pour noter le chauffeur, le passager doit se rendre dans le menu d\u00e9roulant, cliquer sur &lt;&lt;Mes voyages pass\u00e9s&gt;&gt;, puis &lt;&lt;Voyages emprunt\u00e9s&gt;&gt; et en bas de la page, cliquer sur &lt;&lt;Evaluer le chauffeur&gt;&gt; . <\/font><\/font> <br><font style=\"vertical-align: inherit\"><font style=\"vertical-align: inherit\">\u00c0 la fin du voyage, apr\u00e8s que le chauffeur a d\u00e9pos\u00e9 tous les passagers, le chauffeur doit cliquer sur le bouton en bas de la page du voyage sur &lt;&lt;Fin de voyage&gt;&gt;.<\/font><\/font><br><\/p><p> <font style=\"vertical-align: inherit\"><font style=\"vertical-align: inherit\"> Un re\u00e7u instantan\u00e9 du chauffeur appara\u00eet avec tous les d\u00e9tails de paiement de ses passagers : Plus tard, si le chauffeur souhaite revoir les d\u00e9tails de son voyage pass\u00e9, il doit aller dans le menu d\u00e9roulant, cliquer sur &lt;&lt;Mes voyages pass\u00e9s&gt; &gt;, puis &lt;&lt;Gift Trips&gt;&gt; et en haut de la page ils pourront retrouver ce m\u00eame ticket de caisse.<\/font><\/font><\/p><p> <font style=\"vertical-align: inherit\"><font style=\"vertical-align: inherit\">Les fonds collect\u00e9s sont imm\u00e9diatement mis \u00e0 disposition du chauffeur. <\/font><font class=\"\" style=\"vertical-align: inherit\">Allez dans le menu d\u00e9roulant &lt;&lt;Mon portefeuille&gt;&gt; cliquez sur &lt;&lt;Solde actuel&gt;&gt; pour voir le d\u00e9tail des transactions dans votre portefeuille. <\/font><font style=\"vertical-align: inherit\">La premi\u00e8re transaction est en vert et correspond au retrait du chauffeur li\u00e9 au dernier trajet effectu\u00e9. <\/font><font style=\"vertical-align: inherit\">Le conducteur peut retirer ses fonds \u00e0 tout moment en les envoyant sur le compte de son choix (Paiement Mobile ou Compte Bancaire, etc.).<\/font><\/font><\/p><\/li>\n<\/ul><\/ul>\n<\/ol>\t\t\t\t\t\t<\/div>\n\t\t\t\t<\/div>\n\t\t\t\t<div class=\"elementor-element elementor-element-0a34574 elementor-widget elementor-widget-html\" data-id=\"0a34574\" data-element_type=\"widget\" data-widget_type=\"html.default\">\n\t\t\t\t<div class=\"elementor-widget-container\">\n\t\t\t<style>\n    #desc-ul li{\n        font-weight: 700;\n        color:#77222f;\n    }\n    #desc-ul li p{\n        font-weight: 400;\n        color: #333;\n    }\n<\/style>\t\t<\/div>\n\t\t\t\t<\/div>\n\t\t\t\t\t<\/div>\n\t\t<\/div>\n\t\t\t\t\t\t\t<\/div>\n\t\t<\/section>\n\t\t\t\t\t\t\t<\/div>","protected":false},"excerpt":{"rendered":"<p>For Driver Download the GoViens Auto application and fill in your profile: Make sure to put a picture of you taken from the front and your valid ID. Load your vehicle onto the GoViens app. Click on &lt;&lt;Drive&gt;&gt; at the very bottom of the page and upload all required documents. The required documents depend on [&hellip;]<\/p>","protected":false},"author":1,"featured_media":0,"parent":0,"menu_order":0,"comment_status":"closed","ping_status":"closed","template":"elementor_header_footer","meta":{"footnotes":""},"class_list":["post-1149","page","type-page","status-publish","hentry"],"yoast_head":"<!-- This site is optimized with the Yoast SEO Premium plugin v15.6.2 - https:\/\/yoast.com\/wordpress\/plugins\/seo\/ -->\n<title>For Driver - GoViens<\/title>\n<meta name=\"description\" content=\"The driver, owner of the vehicle has the free choice to set his own price upwards or downwards if the GoViens price does not suit him.\" \/>\n<meta name=\"robots\" content=\"index, follow, max-snippet:-1, max-image-preview:large, max-video-preview:-1\" \/>\n<link rel=\"canonical\" href=\"https:\/\/goviens.com\/fr\/for-driver\/\" \/>\n<meta property=\"og:locale\" content=\"fr_CA\" \/>\n<meta property=\"og:type\" content=\"article\" \/>\n<meta property=\"og:title\" content=\"For Driver - GoViens\" \/>\n<meta property=\"og:description\" content=\"The driver, owner of the vehicle has the free choice to set his own price upwards or downwards if the GoViens price does not suit him.\" \/>\n<meta property=\"og:url\" content=\"https:\/\/goviens.com\/fr\/for-driver\/\" \/>\n<meta property=\"og:site_name\" content=\"GoViens\" \/>\n<meta property=\"article:modified_time\" content=\"2022-02-21T16:57:54+00:00\" \/>\n<meta property=\"og:image\" content=\"https:\/\/goviens.com\/wp-content\/uploads\/2021\/10\/360_F_314641319_QUWqfGfV6d1jwkA6qokqiGqgdZU7m2O2.jpg\" \/>\n<meta name=\"twitter:card\" content=\"summary_large_image\" \/>\n<meta name=\"twitter:label1\" content=\"Estimation du temps de lecture\">\n\t<meta name=\"twitter:data1\" content=\"6 minutes\">\n<script type=\"application\/ld+json\" class=\"yoast-schema-graph\">{\"@context\":\"https:\/\/schema.org\",\"@graph\":[{\"@type\":\"WebSite\",\"@id\":\"https:\/\/goviens.com\/#website\",\"url\":\"https:\/\/goviens.com\/\",\"name\":\"GoViens\",\"description\":\"Carpooling Service\",\"potentialAction\":[{\"@type\":\"SearchAction\",\"target\":\"https:\/\/goviens.com\/?s={search_term_string}\",\"query-input\":\"required name=search_term_string\"}],\"inLanguage\":\"fr-CA\"},{\"@type\":\"ImageObject\",\"@id\":\"https:\/\/goviens.com\/for-driver\/#primaryimage\",\"inLanguage\":\"fr-CA\",\"url\":\"https:\/\/goviens.com\/wp-content\/uploads\/2021\/10\/360_F_314641319_QUWqfGfV6d1jwkA6qokqiGqgdZU7m2O2.jpg\",\"width\":720,\"height\":360},{\"@type\":\"WebPage\",\"@id\":\"https:\/\/goviens.com\/for-driver\/#webpage\",\"url\":\"https:\/\/goviens.com\/for-driver\/\",\"name\":\"For Driver - GoViens\",\"isPartOf\":{\"@id\":\"https:\/\/goviens.com\/#website\"},\"primaryImageOfPage\":{\"@id\":\"https:\/\/goviens.com\/for-driver\/#primaryimage\"},\"datePublished\":\"2021-10-04T17:21:03+00:00\",\"dateModified\":\"2022-02-21T16:57:54+00:00\",\"description\":\"The driver, owner of the vehicle has the free choice to set his own price upwards or downwards if the GoViens price does not suit him.\",\"inLanguage\":\"fr-CA\",\"potentialAction\":[{\"@type\":\"ReadAction\",\"target\":[\"https:\/\/goviens.com\/for-driver\/\"]}]}]}<\/script>\n<!-- \/ Yoast SEO Premium plugin. -->","_links":{"self":[{"href":"https:\/\/goviens.com\/fr\/wp-json\/wp\/v2\/pages\/1149","targetHints":{"allow":["GET"]}}],"collection":[{"href":"https:\/\/goviens.com\/fr\/wp-json\/wp\/v2\/pages"}],"about":[{"href":"https:\/\/goviens.com\/fr\/wp-json\/wp\/v2\/types\/page"}],"author":[{"embeddable":true,"href":"https:\/\/goviens.com\/fr\/wp-json\/wp\/v2\/users\/1"}],"replies":[{"embeddable":true,"href":"https:\/\/goviens.com\/fr\/wp-json\/wp\/v2\/comments?post=1149"}],"version-history":[{"count":24,"href":"https:\/\/goviens.com\/fr\/wp-json\/wp\/v2\/pages\/1149\/revisions"}],"predecessor-version":[{"id":1452,"href":"https:\/\/goviens.com\/fr\/wp-json\/wp\/v2\/pages\/1149\/revisions\/1452"}],"wp:attachment":[{"href":"https:\/\/goviens.com\/fr\/wp-json\/wp\/v2\/media?parent=1149"}],"curies":[{"name":"wp","href":"https:\/\/api.w.org\/{rel}","templated":true}]}}