{"id":1113,"date":"2021-10-04T16:53:31","date_gmt":"2021-10-04T16:53:31","guid":{"rendered":"https:\/\/goviens.com\/?page_id=1113"},"modified":"2022-02-21T16:53:45","modified_gmt":"2022-02-21T16:53:45","slug":"for-passenger","status":"publish","type":"page","link":"https:\/\/goviens.com\/fr\/for-passenger\/","title":{"rendered":"Pour Passager"},"content":{"rendered":"<div data-elementor-type=\"wp-page\" data-elementor-id=\"1113\" class=\"elementor elementor-1113\">\n\t\t\t\t\t\t\t\t\t<section class=\"elementor-section elementor-top-section elementor-element elementor-element-93bf3db elementor-section-boxed elementor-section-height-default elementor-section-height-default\" data-id=\"93bf3db\" data-element_type=\"section\" data-settings=\"{&quot;background_background&quot;:&quot;gradient&quot;}\">\n\t\t\t\t\t\t<div class=\"elementor-container elementor-column-gap-default\">\n\t\t\t\t\t<div class=\"elementor-column elementor-col-100 elementor-top-column elementor-element elementor-element-cbcafe3\" data-id=\"cbcafe3\" data-element_type=\"column\">\n\t\t\t<div class=\"elementor-widget-wrap elementor-element-populated\">\n\t\t\t\t\t\t\t\t<div class=\"elementor-element elementor-element-183af08 elementor-widget elementor-widget-heading\" data-id=\"183af08\" data-element_type=\"widget\" data-widget_type=\"heading.default\">\n\t\t\t\t<div class=\"elementor-widget-container\">\n\t\t\t<style>\/*! elementor - v3.15.0 - 20-08-2023 *\/\n.elementor-heading-title{padding:0;margin:0;line-height:1}.elementor-widget-heading .elementor-heading-title[class*=elementor-size-]>a{color:inherit;font-size:inherit;line-height:inherit}.elementor-widget-heading .elementor-heading-title.elementor-size-small{font-size:15px}.elementor-widget-heading .elementor-heading-title.elementor-size-medium{font-size:19px}.elementor-widget-heading .elementor-heading-title.elementor-size-large{font-size:29px}.elementor-widget-heading .elementor-heading-title.elementor-size-xl{font-size:39px}.elementor-widget-heading .elementor-heading-title.elementor-size-xxl{font-size:59px}<\/style><h3 class=\"elementor-heading-title elementor-size-default\">Pour Passager<\/h3>\t\t<\/div>\n\t\t\t\t<\/div>\n\t\t\t\t\t<\/div>\n\t\t<\/div>\n\t\t\t\t\t\t\t<\/div>\n\t\t<\/section>\n\t\t\t\t<section class=\"elementor-section elementor-top-section elementor-element elementor-element-ac180cf elementor-section-boxed elementor-section-height-default elementor-section-height-default\" data-id=\"ac180cf\" data-element_type=\"section\">\n\t\t\t\t\t\t<div class=\"elementor-container elementor-column-gap-default\">\n\t\t\t\t\t<div class=\"elementor-column elementor-col-100 elementor-top-column elementor-element elementor-element-a040422\" data-id=\"a040422\" data-element_type=\"column\">\n\t\t\t<div class=\"elementor-widget-wrap elementor-element-populated\">\n\t\t\t\t\t\t\t\t<section class=\"elementor-section elementor-inner-section elementor-element elementor-element-be80d55 elementor-section-content-middle elementor-section-boxed elementor-section-height-default elementor-section-height-default\" data-id=\"be80d55\" data-element_type=\"section\">\n\t\t\t\t\t\t<div class=\"elementor-container elementor-column-gap-default\">\n\t\t\t\t\t<div class=\"elementor-column elementor-col-50 elementor-inner-column elementor-element elementor-element-6222402\" data-id=\"6222402\" data-element_type=\"column\">\n\t\t\t<div class=\"elementor-widget-wrap elementor-element-populated\">\n\t\t\t\t\t\t\t\t<div class=\"elementor-element elementor-element-6baee2b elementor-widget elementor-widget-text-editor\" data-id=\"6baee2b\" data-element_type=\"widget\" data-widget_type=\"text-editor.default\">\n\t\t\t\t<div class=\"elementor-widget-container\">\n\t\t\t<style>\/*! elementor - v3.15.0 - 20-08-2023 *\/\n.elementor-widget-text-editor.elementor-drop-cap-view-stacked .elementor-drop-cap{background-color:#69727d;color:#fff}.elementor-widget-text-editor.elementor-drop-cap-view-framed .elementor-drop-cap{color:#69727d;border:3px solid;background-color:transparent}.elementor-widget-text-editor:not(.elementor-drop-cap-view-default) .elementor-drop-cap{margin-top:8px}.elementor-widget-text-editor:not(.elementor-drop-cap-view-default) .elementor-drop-cap-letter{width:1em;height:1em}.elementor-widget-text-editor .elementor-drop-cap{float:left;text-align:center;line-height:1;font-size:50px}.elementor-widget-text-editor .elementor-drop-cap-letter{display:inline-block}<\/style>\t\t\t\t<p>L'application GoViens est disponible sur Apple Store et Google Play Store. L'application GoViens est t\u00e9l\u00e9chargeable gratuitement.<\/p><p>Avant toute utilisation de l'application GoViens, conducteurs et passagers sont automatiquement contr\u00f4l\u00e9s pour la s\u00e9curit\u00e9 de chacun. Ainsi, GoViens forme une communaut\u00e9 de membres recommandables qui se connaissent et se font confiance.<\/p><p>Apr\u00e8s avoir re\u00e7u l'acc\u00e8s \u00e0 l'application GoViens, les utilisateurs ont la possibilit\u00e9 de rechercher un voyage en ligne ou d'offrir des places gratuites dans leurs v\u00e9hicules lors de d\u00e9placements de courte ou de longue distance tels que : Aller au travail chaque jour, aller \u00e0 l'\u00e9cole et en revenir, aller \u00e0 et d'un voyage au village le week-end, aller et retour d'une bo\u00eete de nuit, etc.<\/p>\t\t\t\t\t\t<\/div>\n\t\t\t\t<\/div>\n\t\t\t\t\t<\/div>\n\t\t<\/div>\n\t\t\t\t<div class=\"elementor-column elementor-col-50 elementor-inner-column elementor-element elementor-element-498b2b2\" data-id=\"498b2b2\" data-element_type=\"column\" data-settings=\"{&quot;background_background&quot;:&quot;classic&quot;}\">\n\t\t\t<div class=\"elementor-widget-wrap elementor-element-populated\">\n\t\t\t\t\t\t\t\t<div class=\"elementor-element elementor-element-aa4765d elementor-widget elementor-widget-image\" data-id=\"aa4765d\" data-element_type=\"widget\" data-widget_type=\"image.default\">\n\t\t\t\t<div class=\"elementor-widget-container\">\n\t\t\t<style>\/*! elementor - v3.15.0 - 20-08-2023 *\/\n.elementor-widget-image{text-align:center}.elementor-widget-image a{display:inline-block}.elementor-widget-image a img[src$=\".svg\"]{width:48px}.elementor-widget-image img{vertical-align:middle;display:inline-block}<\/style>\t\t\t\t\t\t\t\t\t\t\t\t<img loading=\"lazy\" decoding=\"async\" width=\"626\" height=\"398\" src=\"https:\/\/goviens.com\/wp-content\/uploads\/2021\/10\/ride-sharing.jpg\" class=\"attachment-large size-large wp-image-1323\" alt=\"\" srcset=\"https:\/\/goviens.com\/wp-content\/uploads\/2021\/10\/ride-sharing.jpg 626w, https:\/\/goviens.com\/wp-content\/uploads\/2021\/10\/ride-sharing-300x191.jpg 300w\" sizes=\"auto, (max-width: 626px) 100vw, 626px\" \/>\t\t\t\t\t\t\t\t\t\t\t\t\t\t\t<\/div>\n\t\t\t\t<\/div>\n\t\t\t\t\t<\/div>\n\t\t<\/div>\n\t\t\t\t\t\t\t<\/div>\n\t\t<\/section>\n\t\t\t\t<div class=\"elementor-element elementor-element-6279de1 elementor-widget elementor-widget-text-editor\" data-id=\"6279de1\" data-element_type=\"widget\" id=\"desc-ul\" data-widget_type=\"text-editor.default\">\n\t\t\t\t<div class=\"elementor-widget-container\">\n\t\t\t\t\t\t\t<ol><li><p><span style=\"color: #0e2140;\"><strong>T\u00e9l\u00e9chargez l'application GoViens Auto <\/strong><\/span>et remplissez votre profil : Assurez-vous de mettre une photo de vous prise de face et votre pi\u00e8ce d'identit\u00e9 en cours de validit\u00e9.<\/p><\/li><li><p><span style=\"color: #0e2140;\"><strong>Rechercher un voyage : <\/strong><\/span>Renseignez votre point de d\u00e9part et votre point d'arriv\u00e9e, la date et l'heure, ainsi que le nombre de places assises souhait\u00e9es. Choisissez ensuite parmi les r\u00e9sultats l'offre qui vous convient ou qui est la plus proche de celle que vous recherchez. Si vous ne trouvez aucune offre, modifiez vos param\u00e8tres de voyage pour trouver d'autres conducteurs qui partent d'un point diff\u00e9rent de celui que vous avez initialement demand\u00e9.<\/p><p>Une fois votre choix effectu\u00e9, confirmez votre r\u00e9servation en vous assurant d'avoir choisi le nombre de places et le mode de paiement.<\/p><\/li><li><p><span style=\"color: #0e2140;\"><strong>Le jour du d\u00e9part : <\/strong><\/span>V\u00e9rifiez votre r\u00e9servation de temps en temps pour vous assurer qu'il n'y a eu aucun changement sur l'itin\u00e9raire. Arrivez \u00e0 l'heure au point de d\u00e9part indiqu\u00e9 sur l'offre de voyage. Les coordonn\u00e9es du chauffeur vous seront communiqu\u00e9es 30 minutes \u00e0 l'avance pour les trajets en ville et 24 heures \u00e0 l'avance pour les trajets plus longs. Vous pouvez ensuite contacter le chauffeur si vous avez besoin d'informations.<\/p><p>Avant d'embarquer, faites v\u00e9rifier par le chauffeur le code PIN secret qui vous a \u00e9t\u00e9 attribu\u00e9 pour ce trajet (voir d\u00e9tails du trajet dans l'application GoViens). Cette validation informe GoViens que la connexion avec le pilote a \u00e9t\u00e9 effectu\u00e9e avec succ\u00e8s.<\/p><\/li><li><p><span style=\"color: #0e2140;\"><strong>\u00c0 destination : <\/strong><\/span>Si votre destination est sur le chemin du chauffeur, veuillez en informer le chauffeur quelques minutes avant votre destination. Le chauffeur n'est pas oblig\u00e9 de vous d\u00e9poser apr\u00e8s la destination qu'il a publi\u00e9e dans son offre de voyage.<\/p><p>\u00c9valuez le chauffeur en lui donnant un nombre d'\u00e9toiles et un bref commentaire. Le nombre maximum d'\u00e9toiles est de 5 (Excellent) et le minimum est de 0 (Tr\u00e8s mauvais). Cela garantit que nous avons des conducteurs responsables dans la communaut\u00e9. Un re\u00e7u de paiement pour cette course est g\u00e9n\u00e9r\u00e9 instantan\u00e9ment sur votre application GoViens et une copie vous est envoy\u00e9e par email.<\/p><\/li><\/ol>\t\t\t\t\t\t<\/div>\n\t\t\t\t<\/div>\n\t\t\t\t<div class=\"elementor-element elementor-element-61cf641 elementor-widget elementor-widget-html\" data-id=\"61cf641\" data-element_type=\"widget\" data-widget_type=\"html.default\">\n\t\t\t\t<div class=\"elementor-widget-container\">\n\t\t\t<style>\n    #desc-ul li{\n        font-weight: 700;\n        color:#77222f;\n    }\n    #desc-ul li p{\n        font-weight: 400;\n        color: #333;\n    }\n<\/style>\t\t<\/div>\n\t\t\t\t<\/div>\n\t\t\t\t\t<\/div>\n\t\t<\/div>\n\t\t\t\t\t\t\t<\/div>\n\t\t<\/section>\n\t\t\t\t\t\t\t<\/div>","protected":false},"excerpt":{"rendered":"<p>For Passenger The GoViens application is available on the Apple Store and Google Play Store. The GoViens application is free to download. Before any use of the GoViens application, drivers and passengers are automatically checked for each other&#8217;s safety. Thus, GoViens forms a community of recommendable members who know and trust each other. After receiving [&hellip;]<\/p>","protected":false},"author":1,"featured_media":0,"parent":0,"menu_order":0,"comment_status":"closed","ping_status":"closed","template":"elementor_header_footer","meta":{"footnotes":""},"class_list":["post-1113","page","type-page","status-publish","hentry"],"yoast_head":"<!-- This site is optimized with the Yoast SEO Premium plugin v15.6.2 - https:\/\/yoast.com\/wordpress\/plugins\/seo\/ -->\n<title>For Passenger - GoViens<\/title>\n<meta name=\"description\" content=\"Before any use of the GoViens application, drivers and passengers are automatically checked for each other\u2019s safety.\" \/>\n<meta name=\"robots\" content=\"index, follow, max-snippet:-1, max-image-preview:large, max-video-preview:-1\" \/>\n<link rel=\"canonical\" href=\"https:\/\/goviens.com\/fr\/for-passenger\/\" \/>\n<meta property=\"og:locale\" content=\"fr_CA\" \/>\n<meta property=\"og:type\" content=\"article\" \/>\n<meta property=\"og:title\" content=\"For Passenger - GoViens\" \/>\n<meta property=\"og:description\" content=\"Before any use of the GoViens application, drivers and passengers are automatically checked for each other\u2019s safety.\" \/>\n<meta property=\"og:url\" content=\"https:\/\/goviens.com\/fr\/for-passenger\/\" \/>\n<meta property=\"og:site_name\" content=\"GoViens\" \/>\n<meta property=\"article:modified_time\" content=\"2022-02-21T16:53:45+00:00\" \/>\n<meta property=\"og:image\" content=\"https:\/\/goviens.com\/wp-content\/uploads\/2021\/10\/ride-sharing.jpg\" \/>\n<meta name=\"twitter:card\" content=\"summary_large_image\" \/>\n<meta name=\"twitter:label1\" content=\"Estimation du temps de lecture\">\n\t<meta name=\"twitter:data1\" content=\"3 minutes\">\n<script type=\"application\/ld+json\" class=\"yoast-schema-graph\">{\"@context\":\"https:\/\/schema.org\",\"@graph\":[{\"@type\":\"WebSite\",\"@id\":\"https:\/\/goviens.com\/#website\",\"url\":\"https:\/\/goviens.com\/\",\"name\":\"GoViens\",\"description\":\"Carpooling Service\",\"potentialAction\":[{\"@type\":\"SearchAction\",\"target\":\"https:\/\/goviens.com\/?s={search_term_string}\",\"query-input\":\"required name=search_term_string\"}],\"inLanguage\":\"fr-CA\"},{\"@type\":\"ImageObject\",\"@id\":\"https:\/\/goviens.com\/for-passenger\/#primaryimage\",\"inLanguage\":\"fr-CA\",\"url\":\"https:\/\/goviens.com\/wp-content\/uploads\/2021\/10\/ride-sharing.jpg\",\"width\":626,\"height\":398},{\"@type\":\"WebPage\",\"@id\":\"https:\/\/goviens.com\/for-passenger\/#webpage\",\"url\":\"https:\/\/goviens.com\/for-passenger\/\",\"name\":\"For Passenger - GoViens\",\"isPartOf\":{\"@id\":\"https:\/\/goviens.com\/#website\"},\"primaryImageOfPage\":{\"@id\":\"https:\/\/goviens.com\/for-passenger\/#primaryimage\"},\"datePublished\":\"2021-10-04T16:53:31+00:00\",\"dateModified\":\"2022-02-21T16:53:45+00:00\",\"description\":\"Before any use of the GoViens application, drivers and passengers are automatically checked for each other\\u2019s safety.\",\"inLanguage\":\"fr-CA\",\"potentialAction\":[{\"@type\":\"ReadAction\",\"target\":[\"https:\/\/goviens.com\/for-passenger\/\"]}]}]}<\/script>\n<!-- \/ Yoast SEO Premium plugin. -->","_links":{"self":[{"href":"https:\/\/goviens.com\/fr\/wp-json\/wp\/v2\/pages\/1113","targetHints":{"allow":["GET"]}}],"collection":[{"href":"https:\/\/goviens.com\/fr\/wp-json\/wp\/v2\/pages"}],"about":[{"href":"https:\/\/goviens.com\/fr\/wp-json\/wp\/v2\/types\/page"}],"author":[{"embeddable":true,"href":"https:\/\/goviens.com\/fr\/wp-json\/wp\/v2\/users\/1"}],"replies":[{"embeddable":true,"href":"https:\/\/goviens.com\/fr\/wp-json\/wp\/v2\/comments?post=1113"}],"version-history":[{"count":26,"href":"https:\/\/goviens.com\/fr\/wp-json\/wp\/v2\/pages\/1113\/revisions"}],"predecessor-version":[{"id":1450,"href":"https:\/\/goviens.com\/fr\/wp-json\/wp\/v2\/pages\/1113\/revisions\/1450"}],"wp:attachment":[{"href":"https:\/\/goviens.com\/fr\/wp-json\/wp\/v2\/media?parent=1113"}],"curies":[{"name":"wp","href":"https:\/\/api.w.org\/{rel}","templated":true}]}}