{"id":1037,"date":"2021-10-03T13:26:19","date_gmt":"2021-10-03T13:26:19","guid":{"rendered":"https:\/\/goviens.com\/?page_id=1037"},"modified":"2022-06-19T20:21:56","modified_gmt":"2022-06-19T20:21:56","slug":"terms-of-use","status":"publish","type":"page","link":"https:\/\/goviens.com\/fr\/terms-of-use\/","title":{"rendered":"Conditions d'utilisation"},"content":{"rendered":"<div data-elementor-type=\"wp-page\" data-elementor-id=\"1037\" class=\"elementor elementor-1037\">\n\t\t\t\t\t\t\t\t\t<section class=\"elementor-section elementor-top-section elementor-element elementor-element-d308771 elementor-section-boxed elementor-section-height-default elementor-section-height-default\" data-id=\"d308771\" data-element_type=\"section\" data-settings=\"{&quot;background_background&quot;:&quot;gradient&quot;}\">\n\t\t\t\t\t\t<div class=\"elementor-container elementor-column-gap-default\">\n\t\t\t\t\t<div class=\"elementor-column elementor-col-100 elementor-top-column elementor-element elementor-element-de7378f\" data-id=\"de7378f\" data-element_type=\"column\">\n\t\t\t<div class=\"elementor-widget-wrap elementor-element-populated\">\n\t\t\t\t\t\t\t\t<div class=\"elementor-element elementor-element-42d276e elementor-widget elementor-widget-heading\" data-id=\"42d276e\" data-element_type=\"widget\" data-widget_type=\"heading.default\">\n\t\t\t\t<div class=\"elementor-widget-container\">\n\t\t\t<style>\/*! elementor - v3.15.0 - 20-08-2023 *\/\n.elementor-heading-title{padding:0;margin:0;line-height:1}.elementor-widget-heading .elementor-heading-title[class*=elementor-size-]>a{color:inherit;font-size:inherit;line-height:inherit}.elementor-widget-heading .elementor-heading-title.elementor-size-small{font-size:15px}.elementor-widget-heading .elementor-heading-title.elementor-size-medium{font-size:19px}.elementor-widget-heading .elementor-heading-title.elementor-size-large{font-size:29px}.elementor-widget-heading .elementor-heading-title.elementor-size-xl{font-size:39px}.elementor-widget-heading .elementor-heading-title.elementor-size-xxl{font-size:59px}<\/style><h3 class=\"elementor-heading-title elementor-size-default\">Conditions d'utilisation<\/h3>\t\t<\/div>\n\t\t\t\t<\/div>\n\t\t\t\t\t<\/div>\n\t\t<\/div>\n\t\t\t\t\t\t\t<\/div>\n\t\t<\/section>\n\t\t\t\t<section class=\"elementor-section elementor-top-section elementor-element elementor-element-f83f038 elementor-section-boxed elementor-section-height-default elementor-section-height-default\" data-id=\"f83f038\" data-element_type=\"section\">\n\t\t\t\t\t\t<div class=\"elementor-container elementor-column-gap-default\">\n\t\t\t\t\t<div class=\"elementor-column elementor-col-100 elementor-top-column elementor-element elementor-element-89ef881\" data-id=\"89ef881\" data-element_type=\"column\">\n\t\t\t<div class=\"elementor-widget-wrap elementor-element-populated\">\n\t\t\t\t\t\t\t\t<div class=\"elementor-element elementor-element-a512b06 elementor-widget elementor-widget-text-editor\" data-id=\"a512b06\" data-element_type=\"widget\" data-widget_type=\"text-editor.default\">\n\t\t\t\t<div class=\"elementor-widget-container\">\n\t\t\t<style>\/*! elementor - v3.15.0 - 20-08-2023 *\/\n.elementor-widget-text-editor.elementor-drop-cap-view-stacked .elementor-drop-cap{background-color:#69727d;color:#fff}.elementor-widget-text-editor.elementor-drop-cap-view-framed .elementor-drop-cap{color:#69727d;border:3px solid;background-color:transparent}.elementor-widget-text-editor:not(.elementor-drop-cap-view-default) .elementor-drop-cap{margin-top:8px}.elementor-widget-text-editor:not(.elementor-drop-cap-view-default) .elementor-drop-cap-letter{width:1em;height:1em}.elementor-widget-text-editor .elementor-drop-cap{float:left;text-align:center;line-height:1;font-size:50px}.elementor-widget-text-editor .elementor-drop-cap-letter{display:inline-block}<\/style>\t\t\t\t<p>Vous n'\u00eates autoris\u00e9 \u00e0 publier une annonce de covoiturage que si vous remplissez toutes les conditions suivantes :<\/p><ul><li>Vous d\u00e9tenez un permis de conduire valide;<\/li><\/ul><ul><li>Vous proposez des publicit\u00e9s de covoiturage uniquement pour les v\u00e9hicules que vous poss\u00e9dez ou que vous utilisez avec l'autorisation expresse du propri\u00e9taire, et dans tous les cas que vous \u00eates autoris\u00e9 \u00e0 utiliser \u00e0 des fins de covoiturage ;<\/li><\/ul><ul><li>Vous \u00eates et restez le conducteur principal du v\u00e9hicule faisant l'objet de l'Annonce Covoiturage ;<\/li><\/ul><ul><li>Le v\u00e9hicule dispose d'une assurance responsabilit\u00e9 civile valide ;<\/li><\/ul><ul><li>Vous n'avez aucune contre-indication m\u00e9dicale ou handicap \u00e0 conduire ;<\/li><\/ul><ul><li>Le v\u00e9hicule que vous avez l'intention d'utiliser pour le voyage est une voiture de tourisme \u00e0 4 roues d'une capacit\u00e9 maximale de 7 places assises, \u00e0 l'exclusion des voitures \u00ab sans permis \u00bb ;<\/li><\/ul><ul><li>Vous n'avez pas l'intention de publier une autre annonce pour le m\u00eame trajet en covoiturage sur la Plateforme ;<\/li><\/ul><ul><li>Vous n'offrez pas plus de places qu'il n'y en a dans votre v\u00e9hicule ;<\/li><\/ul><ul><li>Tous les si\u00e8ges disponibles sont \u00e9quip\u00e9s d'une ceinture de s\u00e9curit\u00e9, m\u00eame si le v\u00e9hicule est homologu\u00e9 pour une utilisation avec des si\u00e8ges non attach\u00e9s ;<\/li><\/ul><ul><li>Vous utilisez un v\u00e9hicule en parfait \u00e9tat de fonctionnement et conforme aux dispositions douani\u00e8res et l\u00e9gales applicables, notamment avec un contr\u00f4le technique \u00e0 jour ;<\/li><\/ul><ul><li>Vous \u00eates un consommateur et n'agissez pas en professionnel<\/li><\/ul><p>De plus, nous pouvons interrompre une annonce ou bloquer votre compte si vous ne respectez pas nos conditions g\u00e9n\u00e9rales :<\/p><p><em>\" De plus, lorsque vous utilisez la Plateforme en tant que Chauffeur, vous vous engagez \u00e0 :<\/em><\/p><ul><li><em>Se conformer \u00e0 toutes les lois, r\u00e8gles et codes applicables \u00e0 la conduite et au v\u00e9hicule, notamment avoir une assurance responsabilit\u00e9 civile en cours de validit\u00e9 au moment du Trajet en Covoiturage et \u00eatre en possession d'un permis de conduire valide ;<\/em><em>\u00a0<\/em><\/li><\/ul><ul><li><em>Ne pas prendre de risques en conduisant, ne pas prendre de substances pouvant alt\u00e9rer votre attention et vos capacit\u00e9s, et conduire avec vigilance et s\u00e9curit\u00e9 ;<\/em><em>\u00a0<\/em><\/li><\/ul><ul><li><em>Publier des Annonces de Covoiturage correspondant uniquement aux trajets r\u00e9ellement envisag\u00e9s ;<\/em><em>\u00a0<\/em><\/li><\/ul><ul><li><em>R\u00e9aliser le Trajet en Covoiturage tel que d\u00e9crit dans l'Annonce de Covoiturage (notamment en ce qui concerne l'utilisation ou non de l'autoroute) et respecter les horaires et lieux convenus avec les autres Membres (notamment les points de rendez-vous et de d\u00e9pose) ;<\/em><em>\u00a0<\/em><\/li><\/ul><ul><li><em>Ne pas prendre plus de Passagers que le nombre de Places indiqu\u00e9 dans l'Annonce de Covoiturage ;<\/em><em>\u00a0<\/em><\/li><\/ul><ul><li><em>\u00c0<\/em> <em>utiliser un v\u00e9hicule en parfait \u00e9tat de marche et conforme aux dispositions douani\u00e8res et l\u00e9gales applicables, notamment avec un contr\u00f4le technique \u00e0 jour ;<\/em><em>\u00a0<\/em><\/li><\/ul><ul><li><em>Fournir \u00e0 GoViens ou \u00e0 tout Passager qui en fait la demande votre permis de conduire, votre carte grise, votre attestation d'assurance, votre certificat de contr\u00f4le technique et tout autre document prouvant votre capacit\u00e9 \u00e0 utiliser ce v\u00e9hicule en tant que Conducteur sur la Plateforme ;<\/em><em>\u00a0<\/em><\/li><\/ul><ul><li><em>En cas d'emp\u00eachement ou de modification de l'horaire ou du Trajet en Covoiturage, informer sans d\u00e9lai vos Passagers ;<\/em><em>\u00a0<\/em><\/li><\/ul><ul><li><em>Dans le cas d'un Trajet en Covoiturage transfrontalier, avoir et tenir \u00e0 disposition du Passager et de toute autorit\u00e9 qui pourrait lui demander tout document de nature \u00e0 prouver son identit\u00e9 et sa capacit\u00e9 \u00e0 franchir la fronti\u00e8re ;<\/em><em>\u00a0<\/em><\/li><\/ul><ul><li><em>Attendre les Passagers au lieu de rendez-vous convenu au moins 15 minutes apr\u00e8s l'heure convenue ;<\/em><em>\u00a0<\/em><\/li><\/ul><ul><li><em>Ne pas publier d'Annonce de covoiturage relative \u00e0 un v\u00e9hicule dont vous n'\u00eates pas propri\u00e9taire ou que vous n'\u00eates pas autoris\u00e9 \u00e0 utiliser \u00e0 des fins de covoiturage ;<\/em><em>\u00a0<\/em><\/li><\/ul><ul><li><em>Assurez-vous d'\u00eatre joignable par t\u00e9l\u00e9phone par vos Passagers, au num\u00e9ro inscrit sur votre Profil ;<\/em><\/li><li><em>Ne pas g\u00e9n\u00e9rer de profit via la Plateforme ;<\/em><em>\u00a0<\/em><\/li><\/ul><ul><li><em>Garantir qu'il n'a pas de contre-indications m\u00e9dicales ou d'incapacit\u00e9s \u00e0 conduire ;<\/em><\/li><li><em>Se comporter de mani\u00e8re appropri\u00e9e et responsable, pendant le Voyage de Covoiturage et dans le respect de l'esprit du covoiturage.<\/em><\/li><li><em>In order to achieve a fair and lowest possible price among its users, GoViens gives the owner of the personal vehicle the power to set the price he\/she wishes to obtain per seat.\u00a0 The payments on the platform are collected on the GoViens account and are paid to the drivers after the driver has dropped off the passenger.<\/em><\/li><\/ul>\t\t\t\t\t\t<\/div>\n\t\t\t\t<\/div>\n\t\t\t\t\t<\/div>\n\t\t<\/div>\n\t\t\t\t\t\t\t<\/div>\n\t\t<\/section>\n\t\t\t\t\t\t\t<\/div>","protected":false},"excerpt":{"rendered":"<p>Terms Of Use You are only allowed to publish a carpooling ad if you meet all of the following conditions: You hold a valid driver&#8217;s licence; You offer carpooling advertisements only for vehicles that you own or that you use with the express permission of the owner, and in any case that you are authorized [&hellip;]<\/p>","protected":false},"author":3,"featured_media":0,"parent":0,"menu_order":0,"comment_status":"closed","ping_status":"closed","template":"elementor_header_footer","meta":{"footnotes":""},"class_list":["post-1037","page","type-page","status-publish","hentry"],"yoast_head":"<!-- This site is optimized with the Yoast SEO Premium plugin v15.6.2 - https:\/\/yoast.com\/wordpress\/plugins\/seo\/ -->\n<title>Terms Of Use - GoViens<\/title>\n<meta name=\"robots\" content=\"index, follow, max-snippet:-1, max-image-preview:large, max-video-preview:-1\" \/>\n<link rel=\"canonical\" href=\"https:\/\/goviens.com\/fr\/terms-of-use\/\" \/>\n<meta property=\"og:locale\" content=\"fr_CA\" \/>\n<meta property=\"og:type\" content=\"article\" \/>\n<meta property=\"og:title\" content=\"Terms Of Use - GoViens\" \/>\n<meta property=\"og:description\" content=\"Terms Of Use You are only allowed to publish a carpooling ad if you meet all of the following conditions: You hold a valid driver&#8217;s licence; You offer carpooling advertisements only for vehicles that you own or that you use with the express permission of the owner, and in any case that you are authorized [&hellip;]\" \/>\n<meta property=\"og:url\" content=\"https:\/\/goviens.com\/fr\/terms-of-use\/\" \/>\n<meta property=\"og:site_name\" content=\"GoViens\" \/>\n<meta property=\"article:modified_time\" content=\"2022-06-19T20:21:56+00:00\" \/>\n<meta name=\"twitter:card\" content=\"summary_large_image\" \/>\n<meta name=\"twitter:label1\" content=\"Estimation du temps de lecture\">\n\t<meta name=\"twitter:data1\" content=\"3 minutes\">\n<script type=\"application\/ld+json\" class=\"yoast-schema-graph\">{\"@context\":\"https:\/\/schema.org\",\"@graph\":[{\"@type\":\"WebSite\",\"@id\":\"https:\/\/goviens.com\/#website\",\"url\":\"https:\/\/goviens.com\/\",\"name\":\"GoViens\",\"description\":\"Carpooling Service\",\"potentialAction\":[{\"@type\":\"SearchAction\",\"target\":\"https:\/\/goviens.com\/?s={search_term_string}\",\"query-input\":\"required name=search_term_string\"}],\"inLanguage\":\"fr-CA\"},{\"@type\":\"WebPage\",\"@id\":\"https:\/\/goviens.com\/terms-of-use\/#webpage\",\"url\":\"https:\/\/goviens.com\/terms-of-use\/\",\"name\":\"Terms Of Use - GoViens\",\"isPartOf\":{\"@id\":\"https:\/\/goviens.com\/#website\"},\"datePublished\":\"2021-10-03T13:26:19+00:00\",\"dateModified\":\"2022-06-19T20:21:56+00:00\",\"inLanguage\":\"fr-CA\",\"potentialAction\":[{\"@type\":\"ReadAction\",\"target\":[\"https:\/\/goviens.com\/terms-of-use\/\"]}]}]}<\/script>\n<!-- \/ Yoast SEO Premium plugin. -->","_links":{"self":[{"href":"https:\/\/goviens.com\/fr\/wp-json\/wp\/v2\/pages\/1037","targetHints":{"allow":["GET"]}}],"collection":[{"href":"https:\/\/goviens.com\/fr\/wp-json\/wp\/v2\/pages"}],"about":[{"href":"https:\/\/goviens.com\/fr\/wp-json\/wp\/v2\/types\/page"}],"author":[{"embeddable":true,"href":"https:\/\/goviens.com\/fr\/wp-json\/wp\/v2\/users\/3"}],"replies":[{"embeddable":true,"href":"https:\/\/goviens.com\/fr\/wp-json\/wp\/v2\/comments?post=1037"}],"version-history":[{"count":23,"href":"https:\/\/goviens.com\/fr\/wp-json\/wp\/v2\/pages\/1037\/revisions"}],"predecessor-version":[{"id":1468,"href":"https:\/\/goviens.com\/fr\/wp-json\/wp\/v2\/pages\/1037\/revisions\/1468"}],"wp:attachment":[{"href":"https:\/\/goviens.com\/fr\/wp-json\/wp\/v2\/media?parent=1037"}],"curies":[{"name":"wp","href":"https:\/\/api.w.org\/{rel}","templated":true}]}}